{"id":1418,"date":"2025-02-11T17:16:54","date_gmt":"2025-02-11T17:16:54","guid":{"rendered":"https:\/\/travelguide.oceanworking.es\/?page_id=1418"},"modified":"2025-02-16T23:12:38","modified_gmt":"2025-02-16T23:12:38","slug":"itinerario-3","status":"publish","type":"page","link":"https:\/\/travelguide.oceanworking.es\/es\/itinerario-3\/","title":{"rendered":"EXCURSI\u00d3N POR EL CENTRO DE LA ISLA"},"content":{"rendered":"<style type=\"text\/css\" data-created_by=\"avia_inline_auto\" id=\"style-css-av-6fj78u-30ec6c7a7bdb74346dd0331eeebe89e7\">\n.avia-section.av-6fj78u-30ec6c7a7bdb74346dd0331eeebe89e7{\nbackground-repeat:no-repeat;\nbackground-image:url(https:\/\/travelguide.oceanworking.es\/wp-content\/uploads\/2025\/02\/Tejeda-Gran-Canaria.webp);\nbackground-position:50% 50%;\nbackground-attachment:scroll;\n}\n.avia-section.av-6fj78u-30ec6c7a7bdb74346dd0331eeebe89e7 .av-section-color-overlay{\nopacity:0.4;\nbackground-color:#000000;\n}\n<\/style>\n<div id='av_section_1'  class='avia-section av-6fj78u-30ec6c7a7bdb74346dd0331eeebe89e7 main_color avia-section-large avia-no-border-styling  avia-builder-el-0  el_before_av_textblock  avia-builder-el-first  avia-bg-style-scroll av-section-color-overlay-active container_wrap fullsize'  data-section-bg-repeat='no-repeat'><div class=\"av-section-color-overlay-wrap\"><div class=\"av-section-color-overlay\"><\/div><div class='container av-section-cont-open' ><main  role=\"main\" itemprop=\"mainContentOfPage\"  class='template-page content  av-content-full alpha units'><div class='post-entry post-entry-type-page post-entry-1418'><div class='entry-content-wrapper clearfix'>\n\n<style type=\"text\/css\" data-created_by=\"avia_inline_auto\" id=\"style-css-av-yv6jr-c91525c9c885062c12de4761155e7cf2\">\n#top .av-special-heading.av-yv6jr-c91525c9c885062c12de4761155e7cf2{\ncolor:#ffffff;\nfont-size:80px;\n}\nbody .av-special-heading.av-yv6jr-c91525c9c885062c12de4761155e7cf2 .av-special-heading-tag .heading-char{\nfont-size:25px;\n}\n#top #wrap_all .av-special-heading.av-yv6jr-c91525c9c885062c12de4761155e7cf2 .av-special-heading-tag{\nfont-size:80px;\n}\n.av-special-heading.av-yv6jr-c91525c9c885062c12de4761155e7cf2 .special-heading-inner-border{\nborder-color:#ffffff;\n}\n.av-special-heading.av-yv6jr-c91525c9c885062c12de4761155e7cf2 .av-subheading{\nfont-size:15px;\n}\n\n@media only screen and (min-width: 990px){ \n#top #wrap_all .av-special-heading.av-yv6jr-c91525c9c885062c12de4761155e7cf2 .av-special-heading-tag{\nfont-size:80px;\n}\n}\n\n@media only screen and (min-width: 768px) and (max-width: 989px){ \n#top #wrap_all .av-special-heading.av-yv6jr-c91525c9c885062c12de4761155e7cf2 .av-special-heading-tag{\nfont-size:50px;\n}\n}\n\n@media only screen and (min-width: 480px) and (max-width: 767px){ \n#top #wrap_all .av-special-heading.av-yv6jr-c91525c9c885062c12de4761155e7cf2 .av-special-heading-tag{\nfont-size:50px;\n}\n}\n\n@media only screen and (max-width: 479px){ \n#top #wrap_all .av-special-heading.av-yv6jr-c91525c9c885062c12de4761155e7cf2 .av-special-heading-tag{\nfont-size:30px;\n}\n}\n<\/style>\n<div  class='av-special-heading av-yv6jr-c91525c9c885062c12de4761155e7cf2 av-special-heading-h2 custom-color-heading blockquote modern-quote modern-centered  avia-builder-el-1  avia-builder-el-no-sibling  av-inherit-size'><h2 class='av-special-heading-tag'  itemprop=\"headline\"  ><b style=\"color:#fff;\">EXCURSI\u00d3N POR EL CENTRO DE LA ISLA<\/b><\/h2><div class=\"special-heading-border\"><div class=\"special-heading-inner-border\"><\/div><\/div><\/div>\n<\/div><\/div><\/main><!-- close content main element --><\/div><\/div><\/div><div id='after_section_1'  class='main_color av_default_container_wrap container_wrap fullsize'  ><div class='container av-section-cont-open' ><div class='template-page content  av-content-full alpha units'><div class='post-entry post-entry-type-page post-entry-1418'><div class='entry-content-wrapper clearfix'>\n<style type=\"text\/css\" data-created_by=\"avia_inline_auto\" id=\"style-css-av-m70kcri6-982dcdce266d0dcb070e89e902ac7d80\">\n#top .av_textblock_section.av-m70kcri6-982dcdce266d0dcb070e89e902ac7d80 .avia_textblock{\nfont-size:18px;\n}\n<\/style>\n<section  class='av_textblock_section av-m70kcri6-982dcdce266d0dcb070e89e902ac7d80'   itemscope=\"itemscope\" itemtype=\"https:\/\/schema.org\/CreativeWork\" ><div class='avia_textblock'  itemprop=\"text\" ><p>\ud83c\udf3f El <strong data-start=\"3\" data-end=\"29\">centro de Gran Canaria<\/strong> es un para\u00edso natural de paisajes monta\u00f1osos, pinos centenarios y pueblos aut\u00e9nticos, dominado por el imponente <strong data-start=\"135\" data-end=\"150\">Roque Nublo<\/strong>. \u2728<\/p>\n<h2><strong>\ud83d\udccd FATAGA\u00a0<\/strong><\/h2>\n<p><strong>Fataga<\/strong>conocido como <em>\"El valle de las mil palmeras\"\ud83c\udf34<\/em>es un pintoresco pueblo del sur de Gran Canaria, enclavado entre monta\u00f1as y frondosas palmeras. Sus calles empedradas, sus casas blancas tradicionales y su ambiente tranquilo lo convierten en un lugar perfecto para una escapada aut\u00e9ntica. Cerca de all\u00ed, puede reservar una visita guiada a la <a href=\"https:\/\/www.grancanarianaturalandactive.com\/es\/finca-aloe-vera\/212-fin\" target=\"_blank\" rel=\"noopener\">Finca Aloe Vera<\/a>para descubrir el mundo del \u00e1loe y sus productos.<\/p>\n<h2><strong>\ud83d\udccd ROQUE NUBLO<\/strong><\/h2>\n<p><strong>El Roque Nublo<\/strong>s\u00edmbolo de Gran Canaria, es una imponente formaci\u00f3n rocosa de origen volc\u00e1nico. <strong>80 metros<\/strong>situada en <strong>1.813 metros sobre el nivel del mar<\/strong>. Este lugar sagrado para los antiguos guanches ofrece <strong>impresionantes vistas<\/strong>con vistas que en un d\u00eda claro llegan hasta el Teide, en Tenerife. El sendero para llegar a \u00e9l es una de las excursiones m\u00e1s espectaculares de la isla.<\/p>\n<p>A partir del 3 de febrero, es obligatorio reservar para acceder: <a href=\"https:\/\/reservasroquenublo.com\/\" target=\"_blank\" rel=\"noopener\">LIBRO<\/a>. Recomendamos aparcar el coche en Tejeda y llegar al Roque Nublo en autobuses dedicados.<\/p>\n<h2><strong>\ud83d\udccd TEJEDA<\/strong><\/h2>\n<p><strong>Tejeda<\/strong>uno de los pueblos m\u00e1s bonitos de Gran Canaria, es un encantador pueblo de monta\u00f1a rodeado de espectaculares paisajes volc\u00e1nicos. Famoso por sus vistas panor\u00e1micas de <strong>Roque Nublo<\/strong> y <strong>Bentayga<\/strong>tambi\u00e9n es famosa por la producci\u00f3n de dulces a base de <strong>almendras<\/strong>como el tradicional <strong>bienmesabe<\/strong>. No olvide pasar por la Dulcer\u00eda Nublo para llevarse a casa algunos dulces de producci\u00f3n local.<\/p>\n<p>\ud83e\udd69 Entre los restaurantes de Tejeda te recomendamos el <strong>Restaurante Asador-Grill El Almendro<\/strong>famoso por sus excelentes carnes a la brasa y su cocina tradicional espa\u00f1ola. Los comensales aprecian especialmente platos como la perca, la deliciosa parrillada y el tierno entrecot. El restaurante ofrece un ambiente acogedor con excepcionales vistas de las monta\u00f1as circundantes, tanto desde los comedores interiores como desde la terraza exterior.<\/p>\n<p>\ud83d\udcf2 \u00bfQuieres hacernos una pregunta? Contacta con nosotros por Whatsapp, \u00a1estaremos encantados de ayudarte a organizar tu estancia en la isla!<\/p>\n<p><img loading=\"lazy\" decoding=\"async\" class=\"alignnone wp-image-557 size-full\" src=\"https:\/\/travelguide.oceanworking.es\/wp-content\/uploads\/2025\/02\/tejeda.jpeg\" alt=\"\" width=\"548\" height=\"318\" srcset=\"https:\/\/travelguide.oceanworking.es\/wp-content\/uploads\/2025\/02\/tejeda.jpeg 548w, https:\/\/travelguide.oceanworking.es\/wp-content\/uploads\/2025\/02\/tejeda-300x174.jpeg 300w, https:\/\/travelguide.oceanworking.es\/wp-content\/uploads\/2025\/02\/tejeda-450x261.jpeg 450w\" sizes=\"auto, (max-width: 548px) 100vw, 548px\" \/><\/p>\n<\/div><\/section><\/p>","protected":false},"excerpt":{"rendered":"","protected":false},"author":1,"featured_media":0,"parent":0,"menu_order":0,"comment_status":"open","ping_status":"closed","template":"","meta":{"inline_featured_image":false,"footnotes":""},"class_list":["post-1418","page","type-page","status-publish","hentry"],"_links":{"self":[{"href":"https:\/\/travelguide.oceanworking.es\/es\/wp-json\/wp\/v2\/pages\/1418","targetHints":{"allow":["GET"]}}],"collection":[{"href":"https:\/\/travelguide.oceanworking.es\/es\/wp-json\/wp\/v2\/pages"}],"about":[{"href":"https:\/\/travelguide.oceanworking.es\/es\/wp-json\/wp\/v2\/types\/page"}],"author":[{"embeddable":true,"href":"https:\/\/travelguide.oceanworking.es\/es\/wp-json\/wp\/v2\/users\/1"}],"replies":[{"embeddable":true,"href":"https:\/\/travelguide.oceanworking.es\/es\/wp-json\/wp\/v2\/comments?post=1418"}],"version-history":[{"count":4,"href":"https:\/\/travelguide.oceanworking.es\/es\/wp-json\/wp\/v2\/pages\/1418\/revisions"}],"predecessor-version":[{"id":1829,"href":"https:\/\/travelguide.oceanworking.es\/es\/wp-json\/wp\/v2\/pages\/1418\/revisions\/1829"}],"wp:attachment":[{"href":"https:\/\/travelguide.oceanworking.es\/es\/wp-json\/wp\/v2\/media?parent=1418"}],"curies":[{"name":"wp","href":"https:\/\/api.w.org\/{rel}","templated":true}]}}