{"id":1411,"date":"2025-02-11T16:45:57","date_gmt":"2025-02-11T16:45:57","guid":{"rendered":"https:\/\/travelguide.oceanworking.es\/?page_id=1411"},"modified":"2025-02-16T23:11:50","modified_gmt":"2025-02-16T23:11:50","slug":"itinerario-2","status":"publish","type":"page","link":"https:\/\/travelguide.oceanworking.es\/es\/itinerario-2\/","title":{"rendered":"TOUR NORTE"},"content":{"rendered":"<style type=\"text\/css\" data-created_by=\"avia_inline_auto\" id=\"style-css-av-6fj78u-42e56149c7b756ed8f6ff714f4b8437c\">\n.avia-section.av-6fj78u-42e56149c7b756ed8f6ff714f4b8437c{\nbackground-repeat:no-repeat;\nbackground-image:url(https:\/\/travelguide.oceanworking.es\/wp-content\/uploads\/2025\/02\/photo_2023-07-17_18-27-59.jpg);\nbackground-position:50% 50%;\nbackground-attachment:scroll;\n}\n.avia-section.av-6fj78u-42e56149c7b756ed8f6ff714f4b8437c .av-section-color-overlay{\nopacity:0.4;\nbackground-color:#000000;\n}\n<\/style>\n<div id='av_section_1'  class='avia-section av-6fj78u-42e56149c7b756ed8f6ff714f4b8437c main_color avia-section-large avia-no-border-styling  avia-builder-el-0  el_before_av_textblock  avia-builder-el-first  avia-bg-style-scroll av-section-color-overlay-active container_wrap fullsize'  data-section-bg-repeat='no-repeat'><div class=\"av-section-color-overlay-wrap\"><div class=\"av-section-color-overlay\"><\/div><div class='container av-section-cont-open' ><main  role=\"main\" itemprop=\"mainContentOfPage\"  class='template-page content  av-content-full alpha units'><div class='post-entry post-entry-type-page post-entry-1411'><div class='entry-content-wrapper clearfix'>\n\n<style type=\"text\/css\" data-created_by=\"avia_inline_auto\" id=\"style-css-av-yv6jr-063347fb3e97e3cc099eaa75c83d5133\">\n#top .av-special-heading.av-yv6jr-063347fb3e97e3cc099eaa75c83d5133{\ncolor:#ffffff;\nfont-size:80px;\n}\nbody .av-special-heading.av-yv6jr-063347fb3e97e3cc099eaa75c83d5133 .av-special-heading-tag .heading-char{\nfont-size:25px;\n}\n#top #wrap_all .av-special-heading.av-yv6jr-063347fb3e97e3cc099eaa75c83d5133 .av-special-heading-tag{\nfont-size:80px;\n}\n.av-special-heading.av-yv6jr-063347fb3e97e3cc099eaa75c83d5133 .special-heading-inner-border{\nborder-color:#ffffff;\n}\n.av-special-heading.av-yv6jr-063347fb3e97e3cc099eaa75c83d5133 .av-subheading{\nfont-size:15px;\n}\n\n@media only screen and (min-width: 990px){ \n#top #wrap_all .av-special-heading.av-yv6jr-063347fb3e97e3cc099eaa75c83d5133 .av-special-heading-tag{\nfont-size:80px;\n}\n}\n\n@media only screen and (min-width: 768px) and (max-width: 989px){ \n#top #wrap_all .av-special-heading.av-yv6jr-063347fb3e97e3cc099eaa75c83d5133 .av-special-heading-tag{\nfont-size:50px;\n}\n}\n\n@media only screen and (min-width: 480px) and (max-width: 767px){ \n#top #wrap_all .av-special-heading.av-yv6jr-063347fb3e97e3cc099eaa75c83d5133 .av-special-heading-tag{\nfont-size:50px;\n}\n}\n\n@media only screen and (max-width: 479px){ \n#top #wrap_all .av-special-heading.av-yv6jr-063347fb3e97e3cc099eaa75c83d5133 .av-special-heading-tag{\nfont-size:30px;\n}\n}\n<\/style>\n<div  class='av-special-heading av-yv6jr-063347fb3e97e3cc099eaa75c83d5133 av-special-heading-h2 custom-color-heading blockquote modern-quote modern-centered  avia-builder-el-1  avia-builder-el-no-sibling  av-inherit-size'><h2 class='av-special-heading-tag'  itemprop=\"headline\"  ><b style=\"color:#fff;\">TOUR NORTE<\/b><\/h2><div class=\"special-heading-border\"><div class=\"special-heading-inner-border\"><\/div><\/div><\/div>\n<\/div><\/div><\/main><!-- close content main element --><\/div><\/div><\/div><div id='after_section_1'  class='main_color av_default_container_wrap container_wrap fullsize'  ><div class='container av-section-cont-open' ><div class='template-page content  av-content-full alpha units'><div class='post-entry post-entry-type-page post-entry-1411'><div class='entry-content-wrapper clearfix'>\n<style type=\"text\/css\" data-created_by=\"avia_inline_auto\" id=\"style-css-av-m70kcri6-982dcdce266d0dcb070e89e902ac7d80\">\n#top .av_textblock_section.av-m70kcri6-982dcdce266d0dcb070e89e902ac7d80 .avia_textblock{\nfont-size:18px;\n}\n<\/style>\n<section  class='av_textblock_section av-m70kcri6-982dcdce266d0dcb070e89e902ac7d80'   itemscope=\"itemscope\" itemtype=\"https:\/\/schema.org\/CreativeWork\" ><div class='avia_textblock'  itemprop=\"text\" ><p>\ud83c\udf3f Un recorrido por esta parte de la isla te introducir\u00e1 en algunas de las tradiciones m\u00e1s antiguas antes de que te abrume el olor del oc\u00e9ano. \u2728<\/p>\n<h2><strong>\ud83d\udccd CENOBIO DE VALER\u00d3N\u00a0<\/strong><\/h2>\n<p>El <strong data-start=\"13\" data-end=\"35\">Cenobio de Valer\u00f3n<\/strong> ofrece una inmersi\u00f3n en el pasado m\u00e1s antiguo de Gran Canaria. Se trata de un impresionante granero aborigen excavado en la roca por los guanches. Este yacimiento arqueol\u00f3gico, con m\u00e1s de 300 cavidades interconectadas, se utilizaba para almacenar cereales y otros alimentos. Hoy es uno de los testimonios m\u00e1s fascinantes de la civilizaci\u00f3n prehisp\u00e1nica de la isla.<\/p>\n<p>Visite la p\u00e1gina oficial de <a href=\"http:\/\/www.arqueologiacanaria.com\/cenobio_de_valeron\/horariosytarifas-cenobiodevaleron.html\" target=\"_blank\" rel=\"noopener\">horarios y tarifas<\/a>.<\/p>\n<h2><strong>\ud83d\udccd BODEGA LOS BERRANZALES<\/strong><\/h2>\n<p>La <strong data-start=\"21\" data-end=\"46\">Bodega Los Berrazales<\/strong>situado en el hermoso <strong data-start=\"72\" data-end=\"91\">Valle de Agaete<\/strong>dentro del casco hist\u00f3rico <strong data-start=\"119\" data-end=\"136\">Finca La Laja<\/strong>es una verdadera joya escondida de Gran Canaria. Esta finca, con m\u00e1s de 200 a\u00f1os de historia, es \u00fanica por su combinaci\u00f3n de <strong data-start=\"263\" data-end=\"333\">producci\u00f3n de vino, cultivo de caf\u00e9 y agricultura tropical<\/strong>convirti\u00e9ndolo en uno de los destinos enogastron\u00f3micos m\u00e1s fascinantes de la isla.<\/p>\n<p>Durante la visita guiada, podr\u00e1 explorar los vi\u00f1edos, las plantaciones de caf\u00e9 ar\u00e1bica (una de las pocas de Europa) y los huertos de c\u00edtricos, y degustar productos locales como vinos, quesos y mermeladas artesanales en la terraza de la Finca. Una aut\u00e9ntica experiencia de la tradici\u00f3n agr\u00edcola canaria.<\/p>\n<p>Visite la p\u00e1gina oficial de <a href=\"https:\/\/bodegalosberrazales.com\/\" target=\"_blank\" rel=\"noopener\">horarios y tarifas<\/a>.<\/p>\n<h2><strong>\ud83d\udccd AGAETE Y PUERTO DE LAS NIEVES\u00a0<\/strong><\/h2>\n<p><strong data-start=\"13\" data-end=\"46\">Agaete y Puerto de las Nieves <\/strong>ofrecen una mezcla perfecta de mar, monta\u00f1a y tradici\u00f3n. Agaete es famoso por su <strong data-start=\"172\" data-end=\"191\">Valle de Agaete<\/strong>lleno de cafetales, caminos de palmeras y paisajes volc\u00e1nicos, mientras que el pintoresco <strong data-start=\"286\" data-end=\"310\">Puerto de las Nieves<\/strong> encanta con sus aguas cristalinas, sus restaurantes de pescado fresco y sus hist\u00f3ricas formaciones rocosas <strong data-start=\"411\" data-end=\"427\">Dedo de Dios<\/strong>.<\/p>\n<p>Entre los numerosos restaurantes, recomendamos el <strong>Restaurante Rag\u00f9<\/strong>que ofrece una fusi\u00f3n de cocina italiana y canaria, con especial atenci\u00f3n al marisco fresco. El men\u00fa abarca desde cl\u00e1sicos italianos como <strong>espaguetis carbonara<\/strong> a especialidades locales como <strong>queso de cabra al horno<\/strong>que ofrece una experiencia gastron\u00f3mica variada. Los clientes aprecian el ambiente acogedor y el servicio amable, por lo que es un destino ideal para quienes deseen disfrutar de platos aut\u00e9nticos en un entorno pintoresco.<\/p>\n<p>Luego s\u00f3lo queda relajarse en el <strong data-start=\"13\" data-end=\"43\">Piscinas Naturales de Agaete<\/strong>conocido como <strong data-start=\"61\" data-end=\"76\">Las Salinas. <\/strong>Tres piscinas volc\u00e1nicas, conectadas por t\u00faneles naturales, ofrecen agua cristalina y una protecci\u00f3n ideal frente a las olas del mar. Perfectas para un ba\u00f1o relajante.<\/p>\n<p>\ud83d\udcf2 \u00bfQuieres hacernos una pregunta? Contacta con nosotros por Whatsapp, \u00a1estaremos encantados de ayudarte a organizar tu estancia en la isla!<\/p>\n<p><img loading=\"lazy\" decoding=\"async\" class=\"alignnone wp-image-552 size-full\" src=\"https:\/\/travelguide.oceanworking.es\/wp-content\/uploads\/2025\/02\/photo_2023-07-17_18-01-46.jpg\" alt=\"\" width=\"994\" height=\"745\" srcset=\"https:\/\/travelguide.oceanworking.es\/wp-content\/uploads\/2025\/02\/photo_2023-07-17_18-01-46.jpg 994w, https:\/\/travelguide.oceanworking.es\/wp-content\/uploads\/2025\/02\/photo_2023-07-17_18-01-46-600x450.jpg 600w, https:\/\/travelguide.oceanworking.es\/wp-content\/uploads\/2025\/02\/photo_2023-07-17_18-01-46-300x225.jpg 300w, https:\/\/travelguide.oceanworking.es\/wp-content\/uploads\/2025\/02\/photo_2023-07-17_18-01-46-768x576.jpg 768w, https:\/\/travelguide.oceanworking.es\/wp-content\/uploads\/2025\/02\/photo_2023-07-17_18-01-46-705x528.jpg 705w, https:\/\/travelguide.oceanworking.es\/wp-content\/uploads\/2025\/02\/photo_2023-07-17_18-01-46-450x337.jpg 450w\" sizes=\"auto, (max-width: 994px) 100vw, 994px\" \/><\/p>\n<\/div><\/section><\/p>","protected":false},"excerpt":{"rendered":"","protected":false},"author":1,"featured_media":0,"parent":0,"menu_order":0,"comment_status":"open","ping_status":"closed","template":"","meta":{"inline_featured_image":false,"footnotes":""},"class_list":["post-1411","page","type-page","status-publish","hentry"],"_links":{"self":[{"href":"https:\/\/travelguide.oceanworking.es\/es\/wp-json\/wp\/v2\/pages\/1411","targetHints":{"allow":["GET"]}}],"collection":[{"href":"https:\/\/travelguide.oceanworking.es\/es\/wp-json\/wp\/v2\/pages"}],"about":[{"href":"https:\/\/travelguide.oceanworking.es\/es\/wp-json\/wp\/v2\/types\/page"}],"author":[{"embeddable":true,"href":"https:\/\/travelguide.oceanworking.es\/es\/wp-json\/wp\/v2\/users\/1"}],"replies":[{"embeddable":true,"href":"https:\/\/travelguide.oceanworking.es\/es\/wp-json\/wp\/v2\/comments?post=1411"}],"version-history":[{"count":5,"href":"https:\/\/travelguide.oceanworking.es\/es\/wp-json\/wp\/v2\/pages\/1411\/revisions"}],"predecessor-version":[{"id":1827,"href":"https:\/\/travelguide.oceanworking.es\/es\/wp-json\/wp\/v2\/pages\/1411\/revisions\/1827"}],"wp:attachment":[{"href":"https:\/\/travelguide.oceanworking.es\/es\/wp-json\/wp\/v2\/media?parent=1411"}],"curies":[{"name":"wp","href":"https:\/\/api.w.org\/{rel}","templated":true}]}}