{"id":1399,"date":"2025-02-11T14:21:13","date_gmt":"2025-02-11T14:21:13","guid":{"rendered":"https:\/\/travelguide.oceanworking.es\/?page_id=1399"},"modified":"2025-02-16T23:12:09","modified_gmt":"2025-02-16T23:12:09","slug":"itinerario-1","status":"publish","type":"page","link":"https:\/\/travelguide.oceanworking.es\/es\/itinerario-1\/","title":{"rendered":"VISITA A PUEBLOS T\u00cdPICOS"},"content":{"rendered":"<style type=\"text\/css\" data-created_by=\"avia_inline_auto\" id=\"style-css-av-6fj78u-d8ca9ccd5f8c8863abb5e94e95095e8c\">\n.avia-section.av-6fj78u-d8ca9ccd5f8c8863abb5e94e95095e8c{\nbackground-repeat:no-repeat;\nbackground-image:url(https:\/\/travelguide.oceanworking.es\/wp-content\/uploads\/2025\/02\/IMG_2061-scaled.jpg);\nbackground-position:50% 50%;\nbackground-attachment:scroll;\n}\n.avia-section.av-6fj78u-d8ca9ccd5f8c8863abb5e94e95095e8c .av-section-color-overlay{\nopacity:0.4;\nbackground-color:#000000;\n}\n<\/style>\n<div id='av_section_1'  class='avia-section av-6fj78u-d8ca9ccd5f8c8863abb5e94e95095e8c main_color avia-section-large avia-no-border-styling  avia-builder-el-0  el_before_av_textblock  avia-builder-el-first  avia-bg-style-scroll av-section-color-overlay-active container_wrap fullsize'  data-section-bg-repeat='no-repeat'><div class=\"av-section-color-overlay-wrap\"><div class=\"av-section-color-overlay\"><\/div><div class='container av-section-cont-open' ><main  role=\"main\" itemprop=\"mainContentOfPage\"  class='template-page content  av-content-full alpha units'><div class='post-entry post-entry-type-page post-entry-1399'><div class='entry-content-wrapper clearfix'>\n\n<style type=\"text\/css\" data-created_by=\"avia_inline_auto\" id=\"style-css-av-yv6jr-affe1ca76f25b89878ed56140b7012d8\">\n#top .av-special-heading.av-yv6jr-affe1ca76f25b89878ed56140b7012d8{\ncolor:#ffffff;\nfont-size:80px;\n}\nbody .av-special-heading.av-yv6jr-affe1ca76f25b89878ed56140b7012d8 .av-special-heading-tag .heading-char{\nfont-size:25px;\n}\n#top #wrap_all .av-special-heading.av-yv6jr-affe1ca76f25b89878ed56140b7012d8 .av-special-heading-tag{\nfont-size:80px;\n}\n.av-special-heading.av-yv6jr-affe1ca76f25b89878ed56140b7012d8 .special-heading-inner-border{\nborder-color:#ffffff;\n}\n.av-special-heading.av-yv6jr-affe1ca76f25b89878ed56140b7012d8 .av-subheading{\nfont-size:15px;\n}\n\n@media only screen and (min-width: 990px){ \n#top #wrap_all .av-special-heading.av-yv6jr-affe1ca76f25b89878ed56140b7012d8 .av-special-heading-tag{\nfont-size:80px;\n}\n}\n\n@media only screen and (min-width: 768px) and (max-width: 989px){ \n#top #wrap_all .av-special-heading.av-yv6jr-affe1ca76f25b89878ed56140b7012d8 .av-special-heading-tag{\nfont-size:50px;\n}\n}\n\n@media only screen and (min-width: 480px) and (max-width: 767px){ \n#top #wrap_all .av-special-heading.av-yv6jr-affe1ca76f25b89878ed56140b7012d8 .av-special-heading-tag{\nfont-size:50px;\n}\n}\n\n@media only screen and (max-width: 479px){ \n#top #wrap_all .av-special-heading.av-yv6jr-affe1ca76f25b89878ed56140b7012d8 .av-special-heading-tag{\nfont-size:30px;\n}\n}\n<\/style>\n<div  class='av-special-heading av-yv6jr-affe1ca76f25b89878ed56140b7012d8 av-special-heading-h1 custom-color-heading blockquote modern-quote modern-centered  avia-builder-el-1  avia-builder-el-no-sibling  av-inherit-size'><h1 class='av-special-heading-tag'  itemprop=\"headline\"  ><b style=\"color:#fff;\">VISITA A PUEBLOS T\u00cdPICOS<\/b><\/h1><div class=\"special-heading-border\"><div class=\"special-heading-inner-border\"><\/div><\/div><\/div>\n<\/div><\/div><\/main><!-- close content main element --><\/div><\/div><\/div><div id='after_section_1'  class='main_color av_default_container_wrap container_wrap fullsize'  ><div class='container av-section-cont-open' ><div class='template-page content  av-content-full alpha units'><div class='post-entry post-entry-type-page post-entry-1399'><div class='entry-content-wrapper clearfix'>\n<style type=\"text\/css\" data-created_by=\"avia_inline_auto\" id=\"style-css-av-m70kcri6-982dcdce266d0dcb070e89e902ac7d80\">\n#top .av_textblock_section.av-m70kcri6-982dcdce266d0dcb070e89e902ac7d80 .avia_textblock{\nfont-size:18px;\n}\n<\/style>\n<section  class='av_textblock_section av-m70kcri6-982dcdce266d0dcb070e89e902ac7d80'   itemscope=\"itemscope\" itemtype=\"https:\/\/schema.org\/CreativeWork\" ><div class='avia_textblock'  itemprop=\"text\" ><p>\ud83c\udf3f \u00a1Un recorrido entre estos 'pueblos' te sumergir\u00e1 en la cultura, las tradiciones y los sabores aut\u00e9nticos de Gran Canaria! \u2728<\/p>\n<h2><strong>\ud83d\udccd TEROR<\/strong><\/h2>\n<p>En el coraz\u00f3n verde de Gran Canaria, <strong>Teror<\/strong> es uno de los pueblos con m\u00e1s encanto de la isla. Con su <strong>calles empedradas, casas con balcones de madera tallada y un ambiente aut\u00e9ntico<\/strong>Este pueblo representa el lado m\u00e1s tradicional y espiritual de Gran Canaria con la<strong> Bas\u00edlica de Nuestra Se\u00f1ora del Pino<\/strong>patrona de la isla.<\/p>\n<h2><strong>\ud83d\udccd FIRGAS<\/strong><\/h2>\n<p><strong>Firgas<\/strong> es un pintoresco pueblo conocido por sus fuentes y sus impresionantes vistas del Atl\u00e1ntico. El centro hist\u00f3rico se caracteriza por el famoso <strong>Paseo de Gran Canaria<\/strong>una escalera adornada con cascadas y azulejos de cer\u00e1mica que representan a las Islas Canarias. Tambi\u00e9n es famosa por su producci\u00f3n de <strong>agua mineral<\/strong>Firgas es un destino ideal para quienes buscan autenticidad y tranquilidad.<\/p>\n<p>\ud83c\udf31 No renuncies al sabor de <strong>Berro<\/strong>una planta t\u00edpica de la zona. El restaurante <strong data-start=\"56\" data-end=\"79\">El <a href=\"https:\/\/maps.app.goo.gl\/FKzHm84vsnohyhRX8\" target=\"_blank\" rel=\"noopener\">Rinc\u00f3n de Marcos<\/a><\/strong>situado en Firgas, es famoso por sus especialidades a base de <strong data-start=\"156\" data-end=\"165\">berro<\/strong>. El restaurante ofrece una variedad de platos que incorporan esta planta, como el <strong>berro potage<\/strong>El <strong>Croquetas de berro<\/strong> e incluso postres innovadores como el <strong>flan al berro<\/strong>. El ambiente es acogedor y r\u00fastico, con un <strong>terraza exterior<\/strong> ideal para los d\u00edas soleados y salas interiores para los d\u00edas m\u00e1s frescos. Se recomienda reservar los fines de semana o llegar pronto entre semana para asegurarse una mesa.<\/p>\n<h2><strong>\ud83d\udccd ARUCAS<\/strong><\/h2>\n<p><strong>Arucas<\/strong> es famosa por su majestuosa <strong>Catedral de San Juan Bautista<\/strong>una obra maestra neog\u00f3tica construida en piedra de lava. El pueblo tambi\u00e9n es conocido por su larga tradici\u00f3n en la producci\u00f3n de ron. <a href=\"https:\/\/arehucas.es\/\" target=\"_blank\" rel=\"noopener\"><strong>F\u00e1brica de Ron Arehucas<\/strong><\/a>donde es posible realizar una visita guiada que ofrece una degustaci\u00f3n al final. Sus calles empedradas y sus frondosos jardines hacen de Arucas un destino fascinante cargado de historia.<\/p>\n<p><strong>\ud83c\udf78 <\/strong>A fin de cuentas, sugerimos un <strong>c\u00f3cteles con vistas a la Catedral de Arucas <\/strong>en una azotea moderna y refinada: <a href=\"https:\/\/travelguide.oceanworking.es\/es\/emblematica-rooftop\/\">TEJADO EMBLEM\u00c1TICO<\/a>. Pruebe el <strong>Negroni con Ron Miel<\/strong>una versi\u00f3n canaria del cl\u00e1sico c\u00f3ctel italiano.<\/p>\n<p>\ud83d\udcf2 \u00bfQuieres hacernos una pregunta? Contacta con nosotros por Whatsapp, \u00a1estaremos encantados de ayudarte a organizar tu estancia en la isla!<\/p>\n<p><img loading=\"lazy\" decoding=\"async\" class=\"alignnone wp-image-1407 size-full\" src=\"https:\/\/travelguide.oceanworking.es\/wp-content\/uploads\/2025\/02\/pexels-alesiakozik-6120511-scaled.jpg\" alt=\"\" width=\"1709\" height=\"2560\" srcset=\"https:\/\/travelguide.oceanworking.es\/wp-content\/uploads\/2025\/02\/pexels-alesiakozik-6120511-scaled.jpg 1709w, https:\/\/travelguide.oceanworking.es\/wp-content\/uploads\/2025\/02\/pexels-alesiakozik-6120511-200x300.jpg 200w, https:\/\/travelguide.oceanworking.es\/wp-content\/uploads\/2025\/02\/pexels-alesiakozik-6120511-687x1030.jpg 687w, https:\/\/travelguide.oceanworking.es\/wp-content\/uploads\/2025\/02\/pexels-alesiakozik-6120511-768x1151.jpg 768w, https:\/\/travelguide.oceanworking.es\/wp-content\/uploads\/2025\/02\/pexels-alesiakozik-6120511-1025x1536.jpg 1025w, https:\/\/travelguide.oceanworking.es\/wp-content\/uploads\/2025\/02\/pexels-alesiakozik-6120511-1367x2048.jpg 1367w, https:\/\/travelguide.oceanworking.es\/wp-content\/uploads\/2025\/02\/pexels-alesiakozik-6120511-1001x1500.jpg 1001w, https:\/\/travelguide.oceanworking.es\/wp-content\/uploads\/2025\/02\/pexels-alesiakozik-6120511-471x705.jpg 471w, https:\/\/travelguide.oceanworking.es\/wp-content\/uploads\/2025\/02\/pexels-alesiakozik-6120511-450x674.jpg 450w, https:\/\/travelguide.oceanworking.es\/wp-content\/uploads\/2025\/02\/pexels-alesiakozik-6120511-600x899.jpg 600w\" sizes=\"auto, (max-width: 1709px) 100vw, 1709px\" \/><\/p>\n<\/div><\/section><\/p>","protected":false},"excerpt":{"rendered":"","protected":false},"author":1,"featured_media":0,"parent":0,"menu_order":0,"comment_status":"open","ping_status":"closed","template":"","meta":{"inline_featured_image":false,"footnotes":""},"class_list":["post-1399","page","type-page","status-publish","hentry"],"_links":{"self":[{"href":"https:\/\/travelguide.oceanworking.es\/es\/wp-json\/wp\/v2\/pages\/1399","targetHints":{"allow":["GET"]}}],"collection":[{"href":"https:\/\/travelguide.oceanworking.es\/es\/wp-json\/wp\/v2\/pages"}],"about":[{"href":"https:\/\/travelguide.oceanworking.es\/es\/wp-json\/wp\/v2\/types\/page"}],"author":[{"embeddable":true,"href":"https:\/\/travelguide.oceanworking.es\/es\/wp-json\/wp\/v2\/users\/1"}],"replies":[{"embeddable":true,"href":"https:\/\/travelguide.oceanworking.es\/es\/wp-json\/wp\/v2\/comments?post=1399"}],"version-history":[{"count":11,"href":"https:\/\/travelguide.oceanworking.es\/es\/wp-json\/wp\/v2\/pages\/1399\/revisions"}],"predecessor-version":[{"id":1828,"href":"https:\/\/travelguide.oceanworking.es\/es\/wp-json\/wp\/v2\/pages\/1399\/revisions\/1828"}],"wp:attachment":[{"href":"https:\/\/travelguide.oceanworking.es\/es\/wp-json\/wp\/v2\/media?parent=1399"}],"curies":[{"name":"wp","href":"https:\/\/api.w.org\/{rel}","templated":true}]}}