{"id":1411,"date":"2025-02-11T16:45:57","date_gmt":"2025-02-11T16:45:57","guid":{"rendered":"https:\/\/travelguide.oceanworking.es\/?page_id=1411"},"modified":"2025-02-16T23:11:50","modified_gmt":"2025-02-16T23:11:50","slug":"itinerario-2","status":"publish","type":"page","link":"https:\/\/travelguide.oceanworking.es\/en\/itinerario-2\/","title":{"rendered":"NORTH TOUR"},"content":{"rendered":"<style type=\"text\/css\" data-created_by=\"avia_inline_auto\" id=\"style-css-av-6fj78u-42e56149c7b756ed8f6ff714f4b8437c\">\n.avia-section.av-6fj78u-42e56149c7b756ed8f6ff714f4b8437c{\nbackground-repeat:no-repeat;\nbackground-image:url(https:\/\/travelguide.oceanworking.es\/wp-content\/uploads\/2025\/02\/photo_2023-07-17_18-27-59.jpg);\nbackground-position:50% 50%;\nbackground-attachment:scroll;\n}\n.avia-section.av-6fj78u-42e56149c7b756ed8f6ff714f4b8437c .av-section-color-overlay{\nopacity:0.4;\nbackground-color:#000000;\n}\n<\/style>\n<div id='av_section_1'  class='avia-section av-6fj78u-42e56149c7b756ed8f6ff714f4b8437c main_color avia-section-large avia-no-border-styling  avia-builder-el-0  el_before_av_textblock  avia-builder-el-first  avia-bg-style-scroll av-section-color-overlay-active container_wrap fullsize'  data-section-bg-repeat='no-repeat'><div class=\"av-section-color-overlay-wrap\"><div class=\"av-section-color-overlay\"><\/div><div class='container av-section-cont-open' ><main  role=\"main\" itemprop=\"mainContentOfPage\"  class='template-page content  av-content-full alpha units'><div class='post-entry post-entry-type-page post-entry-1411'><div class='entry-content-wrapper clearfix'>\n\n<style type=\"text\/css\" data-created_by=\"avia_inline_auto\" id=\"style-css-av-yv6jr-063347fb3e97e3cc099eaa75c83d5133\">\n#top .av-special-heading.av-yv6jr-063347fb3e97e3cc099eaa75c83d5133{\ncolor:#ffffff;\nfont-size:80px;\n}\nbody .av-special-heading.av-yv6jr-063347fb3e97e3cc099eaa75c83d5133 .av-special-heading-tag .heading-char{\nfont-size:25px;\n}\n#top #wrap_all .av-special-heading.av-yv6jr-063347fb3e97e3cc099eaa75c83d5133 .av-special-heading-tag{\nfont-size:80px;\n}\n.av-special-heading.av-yv6jr-063347fb3e97e3cc099eaa75c83d5133 .special-heading-inner-border{\nborder-color:#ffffff;\n}\n.av-special-heading.av-yv6jr-063347fb3e97e3cc099eaa75c83d5133 .av-subheading{\nfont-size:15px;\n}\n\n@media only screen and (min-width: 990px){ \n#top #wrap_all .av-special-heading.av-yv6jr-063347fb3e97e3cc099eaa75c83d5133 .av-special-heading-tag{\nfont-size:80px;\n}\n}\n\n@media only screen and (min-width: 768px) and (max-width: 989px){ \n#top #wrap_all .av-special-heading.av-yv6jr-063347fb3e97e3cc099eaa75c83d5133 .av-special-heading-tag{\nfont-size:50px;\n}\n}\n\n@media only screen and (min-width: 480px) and (max-width: 767px){ \n#top #wrap_all .av-special-heading.av-yv6jr-063347fb3e97e3cc099eaa75c83d5133 .av-special-heading-tag{\nfont-size:50px;\n}\n}\n\n@media only screen and (max-width: 479px){ \n#top #wrap_all .av-special-heading.av-yv6jr-063347fb3e97e3cc099eaa75c83d5133 .av-special-heading-tag{\nfont-size:30px;\n}\n}\n<\/style>\n<div  class='av-special-heading av-yv6jr-063347fb3e97e3cc099eaa75c83d5133 av-special-heading-h2 custom-color-heading blockquote modern-quote modern-centered  avia-builder-el-1  avia-builder-el-no-sibling  av-inherit-size'><h2 class='av-special-heading-tag'  itemprop=\"headline\"  ><b style=\"color:#fff;\">NORTH TOUR<\/b><\/h2><div class=\"special-heading-border\"><div class=\"special-heading-inner-border\"><\/div><\/div><\/div>\n<\/div><\/div><\/main><!-- close content main element --><\/div><\/div><\/div><div id='after_section_1'  class='main_color av_default_container_wrap container_wrap fullsize'  ><div class='container av-section-cont-open' ><div class='template-page content  av-content-full alpha units'><div class='post-entry post-entry-type-page post-entry-1411'><div class='entry-content-wrapper clearfix'>\n<style type=\"text\/css\" data-created_by=\"avia_inline_auto\" id=\"style-css-av-m70kcri6-982dcdce266d0dcb070e89e902ac7d80\">\n#top .av_textblock_section.av-m70kcri6-982dcdce266d0dcb070e89e902ac7d80 .avia_textblock{\nfont-size:18px;\n}\n<\/style>\n<section  class='av_textblock_section av-m70kcri6-982dcdce266d0dcb070e89e902ac7d80'   itemscope=\"itemscope\" itemtype=\"https:\/\/schema.org\/CreativeWork\" ><div class='avia_textblock'  itemprop=\"text\" ><p>\ud83c\udf3f Un tour in questa parte dell&#8217;isola ti far\u00e0 scoprire alcune delle pi\u00f9 antiche tradizioni prima di essere travolto dal profumo dell&#8217;oceano! \u2728<\/p>\n<h2><strong>\ud83d\udccd CENOBIO DE VALER\u00d3N\u00a0<\/strong><\/h2>\n<p>The <strong data-start=\"13\" data-end=\"35\">Cenobio de Valer\u00f3n<\/strong> offre un tuffo nel passato pi\u00f9 antico di Gran Canaria. \u00c8 un imponente granaio aborigeno scavato nella roccia dai Guanci. Questo sito archeologico, con oltre 300 cavit\u00e0 interconnesse, veniva usato per conservare cereali e altri alimenti. Oggi \u00e8 una delle testimonianze pi\u00f9 affascinanti della civilt\u00e0 pre-ispanica dell\u2019isola.<\/p>\n<p>Visita la pagina ufficiale per <a href=\"http:\/\/www.arqueologiacanaria.com\/cenobio_de_valeron\/horariosytarifas-cenobiodevaleron.html\" target=\"_blank\" rel=\"noopener\">orari e tariffe<\/a>.<\/p>\n<h2><strong>\ud83d\udccd BODEGA LOS BERRANZALES<\/strong><\/h2>\n<p>The <strong data-start=\"21\" data-end=\"46\">Bodega Los Berrazales<\/strong>, situata nella splendida <strong data-start=\"72\" data-end=\"91\">Valle de Agaete<\/strong>, all&#8217;interno della storica <strong data-start=\"119\" data-end=\"136\">Finca La Laja<\/strong>, \u00e8 un vero gioiello nascosto di Gran Canaria. Questa tenuta, con oltre 200 anni di storia, \u00e8 unica per la sua combinazione di <strong data-start=\"263\" data-end=\"333\">produzione vinicola, coltivazione di caff\u00e8 e agricoltura tropicale<\/strong>, rendendola una delle destinazioni enogastronomiche pi\u00f9 affascinanti dell&#8217;isola.<\/p>\n<p>Durante la visita guidata potrai esplorare i vigneti, le piantagioni di caff\u00e8 arabica (una delle pochissime in Europa) e agrumi, e degustare prodotti locali come vini, formaggi e marmellate artigianali nella terrazza della Finca. Un&#8217;esperienza autentica della tradizione agricola canaria.<\/p>\n<p>Visita la pagina ufficiale per <a href=\"https:\/\/bodegalosberrazales.com\/\" target=\"_blank\" rel=\"noopener\">orari e tariffe<\/a>.<\/p>\n<h2><strong>\ud83d\udccd AGAETE E PUERTO DE LAS NIEVES\u00a0<\/strong><\/h2>\n<p><strong data-start=\"13\" data-end=\"46\">Agaete e Puerto de las Nieves <\/strong>offrono un mix perfetto di mare, montagna e tradizione. Agaete \u00e8 celebre per il suo <strong data-start=\"172\" data-end=\"191\">Valle de Agaete<\/strong>, ricco di piantagioni di caff\u00e8, sentieri tra palme e paesaggi vulcanici, mentre il pittoresco <strong data-start=\"286\" data-end=\"310\">Puerto de las Nieves<\/strong> incanta con le sue acque cristalline, i ristoranti di pesce fresco e la storica formazione rocciosa <strong data-start=\"411\" data-end=\"427\">Dedo de Dios<\/strong>.<\/p>\n<p>Tra i tanti ristoranti, consigliamo il <strong>Ristorante Rag\u00f9<\/strong>, che offre una fusione di cucina italiana e canaria, con un&#8217;attenzione particolare ai frutti di mare freschi. Il menu spazia da classici italiani come la <strong>spaghetti carbonara<\/strong> a specialit\u00e0 locali come il <strong>formaggio di capra al forno<\/strong>, offrendo un&#8217;esperienza culinaria diversificata. I clienti apprezzano l&#8217;atmosfera accogliente e il servizio cordiale, rendendolo una meta ideale per chi desidera gustare piatti autentici in un ambiente pittoresco.<\/p>\n<p>Non resta poi che rilassarsi alle <strong data-start=\"13\" data-end=\"43\">Agaete Natural Pools<\/strong>, conosciute come <strong data-start=\"61\" data-end=\"76\">Las Salinas. <\/strong>Sono tre piscine vulcaniche, collegate tra loro da tunnel naturali, che offrono acque cristalline e una protezione ideale dalle onde dell\u2019oceano. Perfette per un bagno rilassante.<\/p>\n<p>\ud83d\udcf2 Want to ask us a question? Contact us on Whatsapp, we will be happy to help you organise your stay on the island!<\/p>\n<p><img loading=\"lazy\" decoding=\"async\" class=\"alignnone wp-image-552 size-full\" src=\"https:\/\/travelguide.oceanworking.es\/wp-content\/uploads\/2025\/02\/photo_2023-07-17_18-01-46.jpg\" alt=\"\" width=\"994\" height=\"745\" srcset=\"https:\/\/travelguide.oceanworking.es\/wp-content\/uploads\/2025\/02\/photo_2023-07-17_18-01-46.jpg 994w, https:\/\/travelguide.oceanworking.es\/wp-content\/uploads\/2025\/02\/photo_2023-07-17_18-01-46-600x450.jpg 600w, https:\/\/travelguide.oceanworking.es\/wp-content\/uploads\/2025\/02\/photo_2023-07-17_18-01-46-300x225.jpg 300w, https:\/\/travelguide.oceanworking.es\/wp-content\/uploads\/2025\/02\/photo_2023-07-17_18-01-46-768x576.jpg 768w, https:\/\/travelguide.oceanworking.es\/wp-content\/uploads\/2025\/02\/photo_2023-07-17_18-01-46-705x528.jpg 705w, https:\/\/travelguide.oceanworking.es\/wp-content\/uploads\/2025\/02\/photo_2023-07-17_18-01-46-450x337.jpg 450w\" sizes=\"auto, (max-width: 994px) 100vw, 994px\" \/><\/p>\n<\/div><\/section><\/p>","protected":false},"excerpt":{"rendered":"","protected":false},"author":1,"featured_media":0,"parent":0,"menu_order":0,"comment_status":"open","ping_status":"closed","template":"","meta":{"inline_featured_image":false,"footnotes":""},"class_list":["post-1411","page","type-page","status-publish","hentry"],"_links":{"self":[{"href":"https:\/\/travelguide.oceanworking.es\/en\/wp-json\/wp\/v2\/pages\/1411","targetHints":{"allow":["GET"]}}],"collection":[{"href":"https:\/\/travelguide.oceanworking.es\/en\/wp-json\/wp\/v2\/pages"}],"about":[{"href":"https:\/\/travelguide.oceanworking.es\/en\/wp-json\/wp\/v2\/types\/page"}],"author":[{"embeddable":true,"href":"https:\/\/travelguide.oceanworking.es\/en\/wp-json\/wp\/v2\/users\/1"}],"replies":[{"embeddable":true,"href":"https:\/\/travelguide.oceanworking.es\/en\/wp-json\/wp\/v2\/comments?post=1411"}],"version-history":[{"count":5,"href":"https:\/\/travelguide.oceanworking.es\/en\/wp-json\/wp\/v2\/pages\/1411\/revisions"}],"predecessor-version":[{"id":1827,"href":"https:\/\/travelguide.oceanworking.es\/en\/wp-json\/wp\/v2\/pages\/1411\/revisions\/1827"}],"wp:attachment":[{"href":"https:\/\/travelguide.oceanworking.es\/en\/wp-json\/wp\/v2\/media?parent=1411"}],"curies":[{"name":"wp","href":"https:\/\/api.w.org\/{rel}","templated":true}]}}